{"id":30,"date":"2016-11-28T11:19:28","date_gmt":"2016-11-28T10:19:28","guid":{"rendered":"http:\/\/jpparapente05.karawin.net\/?page_id=30"},"modified":"2025-12-14T10:16:21","modified_gmt":"2025-12-14T09:16:21","slug":"qui-suis-je","status":"publish","type":"page","link":"https:\/\/jpparapente05.karawin.net\/?page_id=30","title":{"rendered":"Contact"},"content":{"rendered":"<table class=\" aligncenter\" style=\"background-color: #3649f5;\">\n<tbody>\n<tr style=\"height: 24px;\">\n<td style=\"width: 603px; height: 24px; text-align: center; vertical-align: middle;\"><span style=\"color: #ffff99;\">VOTRE MONITEUR<br \/>\n<\/span><\/td>\n<\/tr>\n<\/tbody>\n<\/table>\n<p><span style=\"color: #993300;\">Professionnel \u00e0 temps plein depuis plus de 20 ans dans la vall\u00e9e du Champsaur et des Pyr\u00e9n\u00e9es , Jean Philippe \u00a0est \u00e0 la fois moniteur de parapente et instructeur paramoteur . Au plaisir de vous accueillir .<\/span><\/p>\n<p><span style=\"color: #993300;\">English spoken<\/span><\/p>\n<table style=\"height: 135px; width: 84.7258%; background-color: #e4e7f2;\">\n<tbody>\n<tr>\n<td style=\"width: 249px;\"><span style=\"color: #000000;\">Jean philippe GAYON<\/span><br \/>\n<a href=\"tel:0683036344\"><span style=\"color: #000000;\"><strong>T\u00e9l: 0683036344<\/strong><\/span><\/a><br \/>\n<span style=\"color: #000000;\">Email contact@jpparapente05.fr<\/span><\/td>\n<\/tr>\n<\/tbody>\n<\/table>\n<p>Contactez moi par t\u00e9l\u00e9phone ou par cette page:<div class=\"wpforms-container wpforms-container-full\" id=\"wpforms-2596\"><form id=\"wpforms-form-2596\" class=\"wpforms-validate wpforms-form wpforms-ajax-form\" data-formid=\"2596\" method=\"post\" enctype=\"multipart\/form-data\" action=\"\/index.php?rest_route=%2Fwp%2Fv2%2Fpages%2F30\" data-token=\"145eaf575b49e4d9e81cb6815b7ffad7\" data-token-time=\"1776271423\"><noscript class=\"wpforms-error-noscript\">Veuillez activer JavaScript dans votre navigateur pour remplir ce formulaire.<\/noscript><div class=\"wpforms-field-container\"><div id=\"wpforms-2596-field_0-container\" class=\"wpforms-field wpforms-field-name\" data-field-id=\"0\"><label class=\"wpforms-field-label\" for=\"wpforms-2596-field_0\">Nom <span class=\"wpforms-required-label\">*<\/span><\/label><input type=\"text\" id=\"wpforms-2596-field_0\" class=\"wpforms-field-medium wpforms-field-required\" name=\"wpforms[fields][0]\" required><\/div><div id=\"wpforms-2596-field_1-container\" class=\"wpforms-field wpforms-field-email\" data-field-id=\"1\"><label class=\"wpforms-field-label\" for=\"wpforms-2596-field_1\">E-mail <span class=\"wpforms-required-label\">*<\/span><\/label><input type=\"email\" id=\"wpforms-2596-field_1\" class=\"wpforms-field-medium wpforms-field-required\" name=\"wpforms[fields][1]\" spellcheck=\"false\" required><\/div><div id=\"wpforms-2596-field_2-container\" class=\"wpforms-field wpforms-field-textarea\" data-field-id=\"2\"><label class=\"wpforms-field-label\" for=\"wpforms-2596-field_2\">Commentaire ou message<\/label><textarea id=\"wpforms-2596-field_2\" class=\"wpforms-field-medium\" name=\"wpforms[fields][2]\" ><\/textarea><\/div><\/div><!-- .wpforms-field-container --><div class=\"wpforms-submit-container\" ><input type=\"hidden\" name=\"wpforms[id]\" value=\"2596\"><input type=\"hidden\" name=\"page_title\" value=\"\"><input type=\"hidden\" name=\"page_url\" value=\"https:\/\/jpparapente05.karawin.net\/index.php?rest_route=\/wp\/v2\/pages\/30\"><input type=\"hidden\" name=\"url_referer\" value=\"\"><button type=\"submit\" name=\"wpforms[submit]\" id=\"wpforms-submit-2596\" class=\"wpforms-submit\" data-alt-text=\"Envoi...\" data-submit-text=\"Envoyer\" aria-live=\"assertive\" value=\"wpforms-submit\">Envoyer<\/button><img loading=\"lazy\" decoding=\"async\" src=\"https:\/\/jpparapente05.karawin.net\/wp-content\/plugins\/wpforms-lite\/assets\/images\/submit-spin.svg\" class=\"wpforms-submit-spinner\" style=\"display: none;\" width=\"26\" height=\"26\" alt=\"Chargement en cours\"><\/div><\/form><\/div>  <!-- .wpforms-container --><\/p>\n","protected":false},"excerpt":{"rendered":"<p>VOTRE MONITEUR Professionnel \u00e0 temps plein depuis plus de 20 ans dans la vall\u00e9e du Champsaur et des Pyr\u00e9n\u00e9es , Jean Philippe \u00a0est \u00e0 la fois moniteur de parapente et &#8230;<\/p>\n","protected":false},"author":1,"featured_media":612,"parent":0,"menu_order":0,"comment_status":"closed","ping_status":"closed","template":"","meta":{"footnotes":""},"class_list":["post-30","page","type-page","status-publish","has-post-thumbnail","hentry"],"_links":{"self":[{"href":"https:\/\/jpparapente05.karawin.net\/index.php?rest_route=\/wp\/v2\/pages\/30","targetHints":{"allow":["GET"]}}],"collection":[{"href":"https:\/\/jpparapente05.karawin.net\/index.php?rest_route=\/wp\/v2\/pages"}],"about":[{"href":"https:\/\/jpparapente05.karawin.net\/index.php?rest_route=\/wp\/v2\/types\/page"}],"author":[{"embeddable":true,"href":"https:\/\/jpparapente05.karawin.net\/index.php?rest_route=\/wp\/v2\/users\/1"}],"replies":[{"embeddable":true,"href":"https:\/\/jpparapente05.karawin.net\/index.php?rest_route=%2Fwp%2Fv2%2Fcomments&post=30"}],"version-history":[{"count":38,"href":"https:\/\/jpparapente05.karawin.net\/index.php?rest_route=\/wp\/v2\/pages\/30\/revisions"}],"predecessor-version":[{"id":4231,"href":"https:\/\/jpparapente05.karawin.net\/index.php?rest_route=\/wp\/v2\/pages\/30\/revisions\/4231"}],"wp:featuredmedia":[{"embeddable":true,"href":"https:\/\/jpparapente05.karawin.net\/index.php?rest_route=\/wp\/v2\/media\/612"}],"wp:attachment":[{"href":"https:\/\/jpparapente05.karawin.net\/index.php?rest_route=%2Fwp%2Fv2%2Fmedia&parent=30"}],"curies":[{"name":"wp","href":"https:\/\/api.w.org\/{rel}","templated":true}]}}