{"id":475,"date":"2018-04-11T13:56:44","date_gmt":"2018-04-11T11:56:44","guid":{"rendered":"http:\/\/jpparapente05.karawin.net\/?page_id=475"},"modified":"2026-01-02T09:59:41","modified_gmt":"2026-01-02T08:59:41","slug":"le-bapteme-parapente-printemps-automne","status":"publish","type":"page","link":"https:\/\/jpparapente05.karawin.net\/?page_id=475","title":{"rendered":"Le bapt\u00eame parapente \u00e9t\u00e9"},"content":{"rendered":"<table style=\"background-color: #3649f5; width: 98.223%; height: 59px;\">\n<tbody>\n<tr style=\"height: 6px;\">\n<td style=\"width: 100%; height: 6px; text-align: center;\"><span style=\"color: #ffff00;\"><em><strong>Qu&rsquo;est &lsquo;ce qu &lsquo;un bapt\u00eame en parapente ?<\/strong><\/em><\/span><\/td>\n<\/tr>\n<\/tbody>\n<\/table>\n<p><script type=\"text\/javascript\"><br \/>\nfunction googleTranslateElementInit() {<br \/>\n  new google.translate.TranslateElement({pageLanguage: 'fr', layout: google.translate.TranslateElement.InlineLayout.SIMPLE}, 'google_translate_element');<br \/>\n}<br \/>\n<\/script><\/p>\n<p><img loading=\"lazy\" decoding=\"async\" class=\"wp-image-2056 alignleft\" src=\"https:\/\/jpparapente05.karawin.net\/wp-content\/uploads\/2022\/06\/G0010661-300x225.jpg\" alt=\"\" width=\"247\" height=\"185\" srcset=\"https:\/\/jpparapente05.karawin.net\/wp-content\/uploads\/2022\/06\/G0010661-300x225.jpg 300w, https:\/\/jpparapente05.karawin.net\/wp-content\/uploads\/2022\/06\/G0010661-1024x768.jpg 1024w, https:\/\/jpparapente05.karawin.net\/wp-content\/uploads\/2022\/06\/G0010661-768x576.jpg 768w, https:\/\/jpparapente05.karawin.net\/wp-content\/uploads\/2022\/06\/G0010661-1536x1152.jpg 1536w, https:\/\/jpparapente05.karawin.net\/wp-content\/uploads\/2022\/06\/G0010661-2048x1536.jpg 2048w, https:\/\/jpparapente05.karawin.net\/wp-content\/uploads\/2022\/06\/G0010661-1568x1176.jpg 1568w\" sizes=\"auto, (max-width: 247px) 100vw, 247px\" \/><\/p>\n<p style=\"text-align: right;\"><span style=\"color: #993300;\">Le bapt\u00eame de parapente est une fa\u00e7on de d\u00e9couvrir la magie du parapente en toute s\u00e9r\u00e9nit\u00e9 avec un moniteur exp\u00e9riment\u00e9 .Vous \u00eates confortablement assis dans votre fauteuil volant pour d\u00e9couvrir le paysage splendide de la vall\u00e9e du Champsaur . <\/span>..<\/p>\n<table style=\"border-collapse: collapse; width: 100%;\">\n<tbody>\n<tr>\n<td style=\"width: 100%;\">\n<p><span style=\"color: #000000;\">Quand et o\u00f9 ?<\/span><\/p>\n<\/td>\n<\/tr>\n<\/tbody>\n<\/table>\n<p><span style=\"color: #993300;\">Tous les jours en fonction de la m\u00e9t\u00e9o nous d\u00e9collerons , on court et hop , c&rsquo;est partit ; des sites d&rsquo;Orci\u00e8res Merlette ,St l\u00e9ger ,Ancelle .<\/span><\/p>\n<p>Equipement \u00e0 pr\u00e9voir<\/p>\n<p>Pantalon ,chaussures type baskets ou randonn\u00e9es , coupe vent .<\/p>\n<p>\u00a0 .Contre indications :<\/p>\n<p>Toutes contre indications m\u00e9dicales et femmes enceintes .\u00a0 \u00a0\u00a0<\/p>\n<p><span style=\"font-size: 18pt; font-family: helvetica, arial, sans-serif;\">Trois vols vous sont propos\u00e9s :<\/span><\/p>\n<table style=\"background-color: #2d30ed; height: 47px; width: 56.4179%;\">\n<tbody>\n<tr>\n<td style=\"text-align: center; width: 490px;\"><span style=\"color: #ffffff; font-size: 18pt;\"><span style=\"color: #ffffff; font-size: 18pt;\"> Vol biplace d\u00e9couverte<\/span><\/span>\n<p><img loading=\"lazy\" decoding=\"async\" class=\"size-medium wp-image-2189\" src=\"https:\/\/jpparapente05.karawin.net\/wp-content\/uploads\/2022\/06\/G0061304-300x225.jpg\" alt=\"\" width=\"300\" height=\"225\" srcset=\"https:\/\/jpparapente05.karawin.net\/wp-content\/uploads\/2022\/06\/G0061304-300x225.jpg 300w, https:\/\/jpparapente05.karawin.net\/wp-content\/uploads\/2022\/06\/G0061304-1024x768.jpg 1024w, https:\/\/jpparapente05.karawin.net\/wp-content\/uploads\/2022\/06\/G0061304-768x576.jpg 768w, https:\/\/jpparapente05.karawin.net\/wp-content\/uploads\/2022\/06\/G0061304-1536x1152.jpg 1536w, https:\/\/jpparapente05.karawin.net\/wp-content\/uploads\/2022\/06\/G0061304-2048x1536.jpg 2048w, https:\/\/jpparapente05.karawin.net\/wp-content\/uploads\/2022\/06\/G0061304-1568x1176.jpg 1568w\" sizes=\"auto, (max-width: 300px) 100vw, 300px\" \/><\/p>\n<\/td>\n<\/tr>\n<\/tbody>\n<\/table>\n<p><span style=\"font-size: 14pt;\"><span style=\"color: #3366ff;\">800 m\u00e8tres de d\u00e9nivel\u00e9 ou plus ou moins 15 mn de vol.<br \/>Pour qui : passager de 20 kg a 100 kg maximum,<\/span><\/span><br \/><span style=\"color: #ff0000;\">Option : le film HD de votre vol.<\/span><\/p>\n<table style=\"height: 248px; width: 36.9255%;\">\n<tbody>\n<tr style=\"height: 79px;\">\n<td style=\"width: 48.6911%; height: 79px;\"><strong><span style=\"font-family: arial,helvetica,sans-serif;\">Tarif: 95 euros . <br \/><\/span><\/strong><\/td>\n<\/tr>\n<tr style=\"height: 19.5px;\">\n<td style=\"width: 48.6911%; height: 19.5px; vertical-align: top;\"><strong><span style=\"font-family: arial,helvetica,sans-serif;\">Nous acceptons les Ch\u00e8ques-Vacances<\/span><\/strong><\/td>\n<td style=\"width: 47.8877%; height: 19.5px;\"><img loading=\"lazy\" decoding=\"async\" class=\"img-responsive aligncenter\" src=\"https:\/\/www.ancv.com\/sites\/default\/files\/logo_ancv_1.png\" alt=\"Accueil\" width=\"84\" height=\"47\" \/><\/td>\n<\/tr>\n<\/tbody>\n<\/table>\n<table style=\"background-color: #2d30ed; height: 47px; width: 64.3923%;\">\n<tbody>\n<tr>\n<td style=\"text-align: center; width: 100%;\"><span style=\"color: #ffffff; font-size: 18pt;\"><span style=\"color: #ffffff; font-size: 18pt;\">\u00a0Vol biplace ascendances<\/span><\/span>\n<p><img loading=\"lazy\" decoding=\"async\" class=\"size-medium wp-image-550\" src=\"https:\/\/jpparapente05.karawin.net\/wp-content\/uploads\/2016\/11\/G0234120-300x225.jpg\" alt=\"\" width=\"300\" height=\"225\" srcset=\"https:\/\/jpparapente05.karawin.net\/wp-content\/uploads\/2016\/11\/G0234120-300x225.jpg 300w, https:\/\/jpparapente05.karawin.net\/wp-content\/uploads\/2016\/11\/G0234120-1024x768.jpg 1024w, https:\/\/jpparapente05.karawin.net\/wp-content\/uploads\/2016\/11\/G0234120-768x576.jpg 768w, https:\/\/jpparapente05.karawin.net\/wp-content\/uploads\/2016\/11\/G0234120-1536x1152.jpg 1536w, https:\/\/jpparapente05.karawin.net\/wp-content\/uploads\/2016\/11\/G0234120-2048x1536.jpg 2048w\" sizes=\"auto, (max-width: 300px) 100vw, 300px\" \/><\/p>\n<\/td>\n<\/tr>\n<\/tbody>\n<\/table>\n<p><span style=\"font-size: 14pt;\"><span style=\"color: #3366ff;\">Nous exploiterons les ascendances thermiques et dynamiques ,plus ou moins 30mn de vol.<br \/>Pour qui : passager de 50 kg a 90 kg maximum,<\/span><\/span><br \/><span style=\"color: #ff0000;\">Option : le film HD de votre vol.<\/span><\/p>\n<table style=\"height: 248px; width: 64.2039%;\">\n<tbody>\n<tr style=\"height: 79px;\">\n<td style=\"width: 48.6911%; height: 79px;\"><strong><span style=\"font-family: arial,helvetica,sans-serif;\">Tarif: 130<code><\/code> euros .<br \/><\/span><\/strong><\/td>\n<\/tr>\n<tr style=\"height: 19.5px;\">\n<td style=\"width: 48.6911%; height: 19.5px; vertical-align: top;\"><strong><span style=\"font-family: arial,helvetica,sans-serif;\">Nous acceptons les Ch\u00e8ques-Vacances<\/span><\/strong><\/td>\n<td style=\"width: 121.759%; height: 19.5px;\"><img loading=\"lazy\" decoding=\"async\" class=\"img-responsive aligncenter\" src=\"https:\/\/www.ancv.com\/sites\/default\/files\/logo_ancv_1.png\" alt=\"Accueil\" width=\"84\" height=\"47\" \/><\/td>\n<\/tr>\n<\/tbody>\n<\/table>\n<table style=\"width: 63.8828%; background-color: #1c3beb; height: 52px;\">\n<tbody>\n<tr style=\"height: 40px;\">\n<td style=\"text-align: center; width: 100%; height: 52px;\"><span style=\"font-size: 18pt; color: #ffffff;\">\u00a0Vol biplace ballade<img loading=\"lazy\" decoding=\"async\" class=\"size-medium wp-image-615 aligncenter\" src=\"https:\/\/jpparapente05.karawin.net\/wp-content\/uploads\/2020\/12\/G0033891-scaled-e1608225041931-300x133.jpg\" alt=\"\" width=\"300\" height=\"133\" srcset=\"https:\/\/jpparapente05.karawin.net\/wp-content\/uploads\/2020\/12\/G0033891-scaled-e1608225041931-300x133.jpg 300w, https:\/\/jpparapente05.karawin.net\/wp-content\/uploads\/2020\/12\/G0033891-scaled-e1608225041931-768x339.jpg 768w, https:\/\/jpparapente05.karawin.net\/wp-content\/uploads\/2020\/12\/G0033891-scaled-e1608225041931.jpg 1000w\" sizes=\"auto, (max-width: 300px) 100vw, 300px\" \/><br \/><\/span><\/td>\n<\/tr>\n<\/tbody>\n<\/table>\n<p><span style=\"color: #3366ff;\">Une ballade a\u00e9rienne afin d&rsquo;admirer la belle vall\u00e9e du Champsaur, plus ou moins 45 mn de vol,<br \/>Pour qui : passager de 50 kg \u00a0a 90 kg maximum,<br \/><span style=\"color: #ff0000; font-size: 14pt;\">Option : le film HD de votre vol<br \/><\/span><\/span><\/p>\n<table style=\"height: 259px; width: 37.3486%;\">\n<tbody>\n<tr style=\"height: 79px;\">\n<td style=\"width: 43.804%; height: 72px;\"><strong><span style=\"font-family: arial,helvetica,sans-serif;\">Tarif: 150 euros .<br \/><\/span><\/strong><\/td>\n<\/tr>\n<tr style=\"height: 19.5px;\">\n<td style=\"width: 43.804%; height: 19px; vertical-align: top;\"><strong><span style=\"font-family: arial,helvetica,sans-serif;\">Nous acceptons les Ch\u00e8ques-Vacances<\/span><\/strong><\/td>\n<td style=\"width: 34.1182%; height: 19px;\"><img loading=\"lazy\" decoding=\"async\" class=\"img-responsive aligncenter\" src=\"https:\/\/www.ancv.com\/sites\/default\/files\/logo_ancv_1.png\" alt=\"Accueil\" width=\"82\" height=\"46\" \/><\/td>\n<\/tr>\n<\/tbody>\n<\/table>\n<form action=\"https:\/\/www.paypal.com\/cgi-bin\/webscr\" method=\"post\" target=\"_top\"><input name=\"cmd\" type=\"hidden\" value=\"_s-xclick\" \/> <input name=\"hosted_button_id\" type=\"hidden\" value=\"349W2GE22JGNQ\" \/>\n<table>\n<tbody>\n<tr>\n<td>\n<h2><input name=\"on0\" type=\"hidden\" value=\"Type de vol\" \/><span style=\"background-color: #00ffff;\">Achetez votre vol<\/span><\/h2>\n<\/td>\n<\/tr>\n<tr>\n<td><select name=\"os0\">\n<option value=\"Decouverte\">Decouverte \u20ac90,00 EUR<\/option>\n<option value=\"Ascendances\">Ascendances \u20ac130,00 EUR<\/option>\n<option value=\"Promenade et ascendances\">Promenade et ascendances \u20ac140,00 EUR<\/option>\n<\/select><\/td>\n<\/tr>\n<\/tbody>\n<\/table>\n<p><input name=\"currency_code\" type=\"hidden\" value=\"EUR\" \/> <input alt=\"PayPal, le r\u00e9flexe s\u00e9curit\u00e9 pour payer en ligne\" name=\"submit\" src=\"https:\/\/www.paypalobjects.com\/fr_FR\/FR\/i\/btn\/btn_buynowCC_LG.gif\" type=\"image\" \/> <img loading=\"lazy\" decoding=\"async\" src=\"https:\/\/www.paypalobjects.com\/fr_FR\/i\/scr\/pixel.gif\" alt=\"\" width=\"1\" height=\"1\" border=\"0\" \/><\/p>\n<\/form>\n\n\n<p>Au plaisir de vous accueillir .<br>Jean Philippe .<\/p>\n\n\n\n<h2><a href=\"https:\/\/jpparapente05.karawin.net\/reservation\/\"><span style=\"background-color: #00ffff;\">R\u00e9servez votre vol<\/span><\/a><\/h2>\n<p>&nbsp;<\/p>\n<p>&nbsp;<\/p>\n\n\n\n<figure class=\"wp-block-image size-large is-resized\"><img loading=\"lazy\" decoding=\"async\" width=\"1024\" height=\"768\" src=\"http:\/\/jpparapente05.karawin.net\/wp-content\/uploads\/2016\/11\/G0153928-1024x768.jpg\" alt=\"\" class=\"wp-image-549\" style=\"width:546px;height:auto\" srcset=\"https:\/\/jpparapente05.karawin.net\/wp-content\/uploads\/2016\/11\/G0153928-1024x768.jpg 1024w, https:\/\/jpparapente05.karawin.net\/wp-content\/uploads\/2016\/11\/G0153928-300x225.jpg 300w, https:\/\/jpparapente05.karawin.net\/wp-content\/uploads\/2016\/11\/G0153928-768x576.jpg 768w, https:\/\/jpparapente05.karawin.net\/wp-content\/uploads\/2016\/11\/G0153928-1536x1152.jpg 1536w, https:\/\/jpparapente05.karawin.net\/wp-content\/uploads\/2016\/11\/G0153928-2048x1536.jpg 2048w\" sizes=\"auto, (max-width: 1024px) 100vw, 1024px\" \/><\/figure>\n\n\n\n<h3><span style=\"color: #0000ff;\"><strong>Vol dans le Champsaur ,Orci\u00e8res Merlette , Ancelle , St L\u00e9ger &#8230; vivez l &lsquo;\u00e9motion<\/strong><\/span><\/h3>\n","protected":false},"excerpt":{"rendered":"<p>Qu&rsquo;est &lsquo;ce qu &lsquo;un bapt\u00eame en parapente ? Le bapt\u00eame de parapente est une fa\u00e7on de d\u00e9couvrir la magie du parapente en toute s\u00e9r\u00e9nit\u00e9 avec un moniteur exp\u00e9riment\u00e9 .Vous \u00eates &#8230;<\/p>\n","protected":false},"author":1,"featured_media":615,"parent":489,"menu_order":0,"comment_status":"closed","ping_status":"closed","template":"","meta":{"footnotes":""},"class_list":["post-475","page","type-page","status-publish","has-post-thumbnail","hentry"],"_links":{"self":[{"href":"https:\/\/jpparapente05.karawin.net\/index.php?rest_route=\/wp\/v2\/pages\/475","targetHints":{"allow":["GET"]}}],"collection":[{"href":"https:\/\/jpparapente05.karawin.net\/index.php?rest_route=\/wp\/v2\/pages"}],"about":[{"href":"https:\/\/jpparapente05.karawin.net\/index.php?rest_route=\/wp\/v2\/types\/page"}],"author":[{"embeddable":true,"href":"https:\/\/jpparapente05.karawin.net\/index.php?rest_route=\/wp\/v2\/users\/1"}],"replies":[{"embeddable":true,"href":"https:\/\/jpparapente05.karawin.net\/index.php?rest_route=%2Fwp%2Fv2%2Fcomments&post=475"}],"version-history":[{"count":81,"href":"https:\/\/jpparapente05.karawin.net\/index.php?rest_route=\/wp\/v2\/pages\/475\/revisions"}],"predecessor-version":[{"id":4278,"href":"https:\/\/jpparapente05.karawin.net\/index.php?rest_route=\/wp\/v2\/pages\/475\/revisions\/4278"}],"up":[{"embeddable":true,"href":"https:\/\/jpparapente05.karawin.net\/index.php?rest_route=\/wp\/v2\/pages\/489"}],"wp:featuredmedia":[{"embeddable":true,"href":"https:\/\/jpparapente05.karawin.net\/index.php?rest_route=\/wp\/v2\/media\/615"}],"wp:attachment":[{"href":"https:\/\/jpparapente05.karawin.net\/index.php?rest_route=%2Fwp%2Fv2%2Fmedia&parent=475"}],"curies":[{"name":"wp","href":"https:\/\/api.w.org\/{rel}","templated":true}]}}