{"id":489,"date":"2018-04-18T22:19:56","date_gmt":"2018-04-18T20:19:56","guid":{"rendered":"http:\/\/jpparapente05.karawin.net\/?page_id=489"},"modified":"2026-01-02T09:58:15","modified_gmt":"2026-01-02T08:58:15","slug":"le-bapteme-en-parapente","status":"publish","type":"page","link":"https:\/\/jpparapente05.karawin.net\/?page_id=489","title":{"rendered":"Le bapt\u00eame en parapente"},"content":{"rendered":"<div id=\"google_translate_element\">\n<h6>Vivez un moment inoubliable en Vol tandem<\/h6>\n<\/div>\n<p><script type=\"text\/javascript\"><br \/>\nfunction googleTranslateElementInit() {<br \/>\n  new google.translate.TranslateElement({pageLanguage: 'fr', layout: google.translate.TranslateElement.InlineLayout.SIMPLE}, 'google_translate_element');<br \/>\n}<br \/>\n<\/script><script type=\"text\/javascript\" src=\"\/\/translate.google.com\/translate_a\/element.js?cb=googleTranslateElementInit\"><\/script><br \/>Cliquez sur le bapt\u00eame de votre choix:<\/p>\n<table style=\"height: 30px; width: 58.8116%;\">\n<tbody>\n<tr>\n<td style=\"width: 36.8005%; background-color: #71a1eb; text-align: center;\">\n<h6><a href=\"https:\/\/jpparapente05.karawin.net\/?page_id=88\"><span style=\"color: #ffffff;\">LE BAPTEME\u00a0 HIVER\u00a0 \u00e0 Orci\u00e8res Merlette<\/span><\/a><\/h6>\n<\/td>\n<td style=\"width: 36.9825%; background-color: #f5e98c; text-align: center;\">\n<h6><a href=\"https:\/\/jpparapente05.karawin.net\/?page_id=475\" data-wplink-edit=\"true\">LE BAPTEME ETE \u00e0 Orci\u00e8res Merlette\u00a0 et Ancelle.<\/a><\/h6>\n<\/td>\n<\/tr>\n<\/tbody>\n<\/table>\n<h6>Vous avez r\u00e9alis\u00e9 un vol et d\u00e9sirez recevoir votre dipl\u00f4me?<br \/><a href=\"mailto:contact@jpparapente05.fr?subject=Demande%20de%20diplome\">Contactez moi pour le recevoir par email.<\/a><\/h6>\n<h6><a href=\"http:\/\/jpparapente05.karawin.net\/parapente.docx\" rel=\"noopener\">Ou chargez le mod\u00e8le (docx word) pour faire vous m\u00eame votre dipl\u00f4me.<\/a><\/h6>\n\n\n\n","protected":false},"excerpt":{"rendered":"<p>Vivez un moment inoubliable en Vol tandem Cliquez sur le bapt\u00eame de votre choix: LE BAPTEME\u00a0 HIVER\u00a0 \u00e0 Orci\u00e8res Merlette LE BAPTEME ETE \u00e0 Orci\u00e8res Merlette\u00a0 et Ancelle. Vous avez &#8230;<\/p>\n","protected":false},"author":1,"featured_media":307,"parent":0,"menu_order":0,"comment_status":"closed","ping_status":"closed","template":"","meta":{"footnotes":""},"class_list":["post-489","page","type-page","status-publish","has-post-thumbnail","hentry"],"_links":{"self":[{"href":"https:\/\/jpparapente05.karawin.net\/index.php?rest_route=\/wp\/v2\/pages\/489","targetHints":{"allow":["GET"]}}],"collection":[{"href":"https:\/\/jpparapente05.karawin.net\/index.php?rest_route=\/wp\/v2\/pages"}],"about":[{"href":"https:\/\/jpparapente05.karawin.net\/index.php?rest_route=\/wp\/v2\/types\/page"}],"author":[{"embeddable":true,"href":"https:\/\/jpparapente05.karawin.net\/index.php?rest_route=\/wp\/v2\/users\/1"}],"replies":[{"embeddable":true,"href":"https:\/\/jpparapente05.karawin.net\/index.php?rest_route=%2Fwp%2Fv2%2Fcomments&post=489"}],"version-history":[{"count":28,"href":"https:\/\/jpparapente05.karawin.net\/index.php?rest_route=\/wp\/v2\/pages\/489\/revisions"}],"predecessor-version":[{"id":4298,"href":"https:\/\/jpparapente05.karawin.net\/index.php?rest_route=\/wp\/v2\/pages\/489\/revisions\/4298"}],"wp:featuredmedia":[{"embeddable":true,"href":"https:\/\/jpparapente05.karawin.net\/index.php?rest_route=\/wp\/v2\/media\/307"}],"wp:attachment":[{"href":"https:\/\/jpparapente05.karawin.net\/index.php?rest_route=%2Fwp%2Fv2%2Fmedia&parent=489"}],"curies":[{"name":"wp","href":"https:\/\/api.w.org\/{rel}","templated":true}]}}