{"id":88,"date":"2016-12-12T11:15:16","date_gmt":"2016-12-12T10:15:16","guid":{"rendered":"http:\/\/jpparapente05.karawin.net\/?page_id=88"},"modified":"2026-01-02T10:00:23","modified_gmt":"2026-01-02T09:00:23","slug":"le-bapteme-parapente-en-hiver","status":"publish","type":"page","link":"https:\/\/jpparapente05.karawin.net\/?page_id=88","title":{"rendered":"Le bapt\u00eame parapente Hiver"},"content":{"rendered":"\n<div class=\"wp-block-columns is-layout-flex wp-container-core-columns-is-layout-9d6595d7 wp-block-columns-is-layout-flex\">\n<div class=\"wp-block-column is-layout-flow wp-block-column-is-layout-flow\" style=\"flex-basis:100%\">\n<p>Nous d\u00e9collerons \u00e0 ski ou \u00e0 pied d &lsquo;Orci\u00e8res Merlette \u00a0pour un vol biplace d\u00e9couverte ou promenade.<br \/>L &lsquo;atterrissage se situe \u00e0 la station ou \u00e0 la base de loisir .Lors du vol a skis nous pouvons retoucher la neige et red\u00e9coller (touch and go) .<\/p>\n<ul>\n<li>Niveau requis pour le d\u00e9collage \u00e0 skis : savoir descendre une piste bleue facile .<\/li>\n<\/ul>\n<p style=\"text-align: justify;\"><span style=\"font-size: 18pt;\">Deux types de vols vous sont propos\u00e9s:<\/span><\/p>\n<table style=\"width: 63.8095%; border-collapse: collapse;\">\n<tbody>\n<tr>\n<td style=\"width: 100%; background-color: #3649f5; text-align: center;\">\n<h3><span style=\"color: #ffffff;\"><span style=\"color: #ffffff;\">Vol d\u00e9couverte:<\/span><\/span><\/h3>\n<p><img loading=\"lazy\" decoding=\"async\" class=\"size-medium wp-image-527\" src=\"https:\/\/jpparapente05.karawin.net\/wp-content\/uploads\/2019\/09\/G0012103-300x225.jpg\" alt=\"\" width=\"300\" height=\"225\" srcset=\"https:\/\/jpparapente05.karawin.net\/wp-content\/uploads\/2019\/09\/G0012103-300x225.jpg 300w, https:\/\/jpparapente05.karawin.net\/wp-content\/uploads\/2019\/09\/G0012103-768x576.jpg 768w, https:\/\/jpparapente05.karawin.net\/wp-content\/uploads\/2019\/09\/G0012103-1024x768.jpg 1024w\" sizes=\"auto, (max-width: 300px) 100vw, 300px\" \/><\/p>\n<\/td>\n<\/tr>\n<\/tbody>\n<\/table>\n<ul>\n<li><span style=\"color: #0000ff; font-size: 14pt;\">D\u00e9nivel\u00e9 +700 m\u00e8tres<\/span><span style=\"color: #ff0000; font-size: 14pt;\"><br \/><\/span><\/li>\n<li><span style=\"color: #0000ff; font-size: 14pt;\">Dur\u00e9e de vol: environ 12 minutes<br \/><\/span><\/li>\n<li><span style=\"color: #ff0000; font-size: 14pt;\">En option le film HD de votre vol<br \/><\/span><\/li>\n<\/ul>\n<table style=\"height: 262px; width: 63.0811%;\">\n<tbody>\n<tr style=\"height: 79px;\">\n<td style=\"width: 59.8695%; height: 10px;\"><strong><span style=\"font-family: arial,helvetica,sans-serif;\">Tarif: 80 EUR<\/span><\/strong><\/td>\n<td style=\"width: 65.4076%; height: 10px;\"><form action=\"https:\/\/www.paypal.com\/cgi-bin\/webscr\" method=\"post\" target=\"_top\"><input name=\"cmd\" type=\"hidden\" value=\"_s-xclick\" \/><br \/><input name=\"hosted_button_id\" type=\"hidden\" value=\"UGZQPTN7W29L6\" \/><br \/><input alt=\"PayPal \u2013 The safer, easier way to pay online!\" name=\"submit\" src=\"https:\/\/www.paypalobjects.com\/en_US\/i\/btn\/btn_paynowCC_LG_global.gif\" type=\"image\" \/><br \/><img loading=\"lazy\" decoding=\"async\" src=\"https:\/\/www.paypalobjects.com\/fr_FR\/i\/scr\/pixel.gif\" alt=\"\" width=\"1\" height=\"1\" border=\"0\" \/><\/form><\/td>\n<\/tr>\n<tr style=\"height: 19.5px;\">\n<td style=\"width: 59.8695%; height: 10px; vertical-align: top;\"><strong><span style=\"font-family: arial,helvetica,sans-serif;\">Nous acceptons les Ch\u00e8ques-Vacances<\/span><\/strong><\/td>\n<td style=\"width: 65.4076%; height: 10px;\">\n<p><img loading=\"lazy\" decoding=\"async\" class=\"img-responsive aligncenter\" src=\"https:\/\/www.ancv.com\/sites\/default\/files\/logo_ancv_1.png\" alt=\"Accueil\" width=\"73\" height=\"41\" \/><\/p>\n<\/td>\n<\/tr>\n<\/tbody>\n<\/table>\n<table style=\"width: 63.4524%; border-collapse: collapse;\">\n<tbody>\n<tr>\n<td style=\"width: 100%; background-color: #3649f5; text-align: center;\">\n<h3><span style=\"color: #ffffff;\">Vol promenade:<img loading=\"lazy\" decoding=\"async\" class=\"size-medium wp-image-2062 aligncenter\" src=\"https:\/\/jpparapente05.karawin.net\/wp-content\/uploads\/2022\/06\/hl-11031081633-300x199.jpg\" alt=\"\" width=\"300\" height=\"199\" srcset=\"https:\/\/jpparapente05.karawin.net\/wp-content\/uploads\/2022\/06\/hl-11031081633-300x199.jpg 300w, https:\/\/jpparapente05.karawin.net\/wp-content\/uploads\/2022\/06\/hl-11031081633.jpg 512w\" sizes=\"auto, (max-width: 300px) 100vw, 300px\" \/><\/span><\/h3>\n<\/td>\n<\/tr>\n<\/tbody>\n<\/table>\n<ul>\n<li><span style=\"color: #0000ff; font-size: 14pt;\">D\u00e9nivel\u00e9 +1400 m\u00e8tres<\/span><\/li>\n<li style=\"text-align: justify;\"><span style=\"color: #ff0000; font-size: 14pt;\">Prestation 1h30<\/span><\/li>\n<li><span style=\"color: #0000ff; font-size: 14pt;\">Dur\u00e9e de vol \u00b125mn<\/span><\/li>\n<li><span style=\"color: #ff0000; font-size: 14pt;\">En option le film HD de votre vol\u00a0<\/span><\/li>\n<\/ul>\n<table style=\"height: 252px; width: 63.2992%;\">\n<tbody>\n<tr style=\"height: 101px;\">\n<td style=\"width: 60.3886%; height: 101px;\"><strong><span style=\"font-family: arial,helvetica,sans-serif;\">Tarif: 135 EUR<\/span><\/strong><\/td>\n<td style=\"width: 66.4228%; height: 101px;\"><form action=\"https:\/\/www.paypal.com\/cgi-bin\/webscr\" method=\"post\" target=\"_top\"><input alt=\"PayPal \u2013 The safer, easier way to pay online!\" name=\"submit\" src=\"https:\/\/www.paypalobjects.com\/en_US\/i\/btn\/btn_paynowCC_LG_global.gif\" type=\"image\" \/><br \/><img loading=\"lazy\" decoding=\"async\" src=\"https:\/\/www.paypalobjects.com\/fr_FR\/i\/scr\/pixel.gif\" alt=\"\" width=\"1\" height=\"1\" border=\"0\" \/><\/form><\/td>\n<\/tr>\n<tr style=\"height: 40.5px;\">\n<td style=\"width: 60.3886%; height: 41px; vertical-align: top;\"><strong><span style=\"font-family: arial,helvetica,sans-serif;\">Nous acceptons les Ch\u00e8ques-Vacances<\/span><\/strong><\/td>\n<td style=\"width: 66.4228%; height: 41px;\"><img loading=\"lazy\" decoding=\"async\" class=\"img-responsive aligncenter\" src=\"https:\/\/www.ancv.com\/sites\/default\/files\/logo_ancv_1.png\" alt=\"Accueil\" width=\"79\" height=\"44\" \/><\/td>\n<\/tr>\n<\/tbody>\n<\/table>\n<p><span style=\"font-size: 18pt;\"><strong><a href=\"https:\/\/jpparapente05.karawin.net\/reservation\/\">R\u00e9servez votre vol<\/a><\/strong><\/span><\/p>\n<p>Au plaisir de vous accueillir .<br \/>Jean Philippe .<\/p>\n<\/div>\n<\/div>\n\n\n\n\n<div class=\"wp-block-image is-resized is-style-rounded\">\n<figure class=\"aligncenter size-large\"><img loading=\"lazy\" decoding=\"async\" width=\"1024\" height=\"768\" src=\"https:\/\/jpparapente05.karawin.net\/wp-content\/uploads\/2019\/09\/G0022219-1024x768.jpg\" alt=\"\" class=\"wp-image-529\" style=\"width:460px;height:auto\" srcset=\"https:\/\/jpparapente05.karawin.net\/wp-content\/uploads\/2019\/09\/G0022219-1024x768.jpg 1024w, https:\/\/jpparapente05.karawin.net\/wp-content\/uploads\/2019\/09\/G0022219-300x225.jpg 300w, https:\/\/jpparapente05.karawin.net\/wp-content\/uploads\/2019\/09\/G0022219-768x576.jpg 768w\" sizes=\"auto, (max-width: 1024px) 100vw, 1024px\" \/><figcaption class=\"wp-element-caption\">DCIM103GOPRO<\/figcaption><\/figure>\n<\/div>\n\n","protected":false},"excerpt":{"rendered":"<p>Nous d\u00e9collerons \u00e0 ski ou \u00e0 pied d &lsquo;Orci\u00e8res Merlette \u00a0pour un vol biplace d\u00e9couverte ou promenade.L &lsquo;atterrissage se situe \u00e0 la station ou \u00e0 la base de loisir .Lors &#8230;<\/p>\n","protected":false},"author":1,"featured_media":372,"parent":489,"menu_order":0,"comment_status":"closed","ping_status":"closed","template":"","meta":{"footnotes":""},"class_list":["post-88","page","type-page","status-publish","has-post-thumbnail","hentry"],"_links":{"self":[{"href":"https:\/\/jpparapente05.karawin.net\/index.php?rest_route=\/wp\/v2\/pages\/88","targetHints":{"allow":["GET"]}}],"collection":[{"href":"https:\/\/jpparapente05.karawin.net\/index.php?rest_route=\/wp\/v2\/pages"}],"about":[{"href":"https:\/\/jpparapente05.karawin.net\/index.php?rest_route=\/wp\/v2\/types\/page"}],"author":[{"embeddable":true,"href":"https:\/\/jpparapente05.karawin.net\/index.php?rest_route=\/wp\/v2\/users\/1"}],"replies":[{"embeddable":true,"href":"https:\/\/jpparapente05.karawin.net\/index.php?rest_route=%2Fwp%2Fv2%2Fcomments&post=88"}],"version-history":[{"count":116,"href":"https:\/\/jpparapente05.karawin.net\/index.php?rest_route=\/wp\/v2\/pages\/88\/revisions"}],"predecessor-version":[{"id":4243,"href":"https:\/\/jpparapente05.karawin.net\/index.php?rest_route=\/wp\/v2\/pages\/88\/revisions\/4243"}],"up":[{"embeddable":true,"href":"https:\/\/jpparapente05.karawin.net\/index.php?rest_route=\/wp\/v2\/pages\/489"}],"wp:featuredmedia":[{"embeddable":true,"href":"https:\/\/jpparapente05.karawin.net\/index.php?rest_route=\/wp\/v2\/media\/372"}],"wp:attachment":[{"href":"https:\/\/jpparapente05.karawin.net\/index.php?rest_route=%2Fwp%2Fv2%2Fmedia&parent=88"}],"curies":[{"name":"wp","href":"https:\/\/api.w.org\/{rel}","templated":true}]}}